{"id":28,"date":"2023-09-12T16:41:55","date_gmt":"2023-09-12T14:41:55","guid":{"rendered":"http:\/\/erjazz.eu\/?page_id=28"},"modified":"2023-10-10T19:05:58","modified_gmt":"2023-10-10T17:05:58","slug":"presentation","status":"publish","type":"page","link":"http:\/\/erjazz.eu\/en\/presentation\/","title":{"rendered":"About"},"content":{"rendered":"<figure class=\"wp-block-image aligncenter size-large is-style-blue-note-slant-left is-style-poe-child-polygon-1\"><img loading=\"lazy\" decoding=\"async\" width=\"1024\" height=\"683\" src=\"http:\/\/erjazz.eu\/wp-content\/uploads\/2023\/09\/SPO02876-1024x683.jpg\" alt=\"\" class=\"wp-image-71\" style=\"aspect-ratio:16\/9;object-fit:cover\" srcset=\"https:\/\/erjazz.eu\/wp-content\/uploads\/2023\/09\/SPO02876-1024x683.jpg 1024w, https:\/\/erjazz.eu\/wp-content\/uploads\/2023\/09\/SPO02876-300x200.jpg 300w, https:\/\/erjazz.eu\/wp-content\/uploads\/2023\/09\/SPO02876-768x512.jpg 768w, https:\/\/erjazz.eu\/wp-content\/uploads\/2023\/09\/SPO02876-1536x1024.jpg 1536w, https:\/\/erjazz.eu\/wp-content\/uploads\/2023\/09\/SPO02876-2048x1366.jpg 2048w\" sizes=\"auto, (max-width: 1024px) 100vw, 1024px\" \/><\/figure>\n\n\n\n<p class=\"has-text-align-center has-tertiary-background-color has-background translation-block\"><strong>ER Jazz Trio<\/strong> is first and foremost the story of a pianist, <strong>Eric Richard<\/strong>, who trained at the schools of jazz <em>Barry Harris<\/em>, classical accompaniment and French song. Borrowing the humility characterizing the great accompanists, he was able to meet with happiness many (his) renowned artists and very varied styles such<em> Graeme Allwright, Lexie Kendrick &amp; Sean Gourley, Patricia Barber, Michelle Hendricks, Sanseverino, the Swing Society, Ricky Ford<\/em> and many singers from the Brittany region where he lives, near Rennes.<\/p>\n\n\n\n<p>With these rich experiences and a slow maturing (like any good thing!), he finally decides to embark on a more personal adventure, a project that is both simple and ambitious: to pay tribute to a certain post-jazz classicismbop through a repertoire consisting solely of original compositions.<\/p>\n\n\n\n<p class=\"translation-block\">For this he surrounds himself with the bassist <strong>Marion Pacaud <\/strong>with whom he animates many jazz sessions in the region of Redon, and the drummer <strong>Patrick Jouannic<\/strong>, his accomplice for many years and with whom he shared many musical experiences (The Swing Society, Tribute to H.Mancini, Lexie Kendrick, Sean Gourley\u2026).<\/p>\n\n\n\n<p>On stage, the trio\u2019s sound is energetic but applied, melodies echoing historical standards enhanced by the dynamism and playfulness of the structural games\u2026 Like the search for aesthetic fidelity, nostalgia in reinvention, a kind of vintage modernity\u2026<\/p>\n\n\n\n<div class=\"wp-block-group has-tertiary-background-color has-background is-layout-flow wp-block-group-is-layout-flow\" style=\"padding-top:var(--wp--preset--spacing--20);padding-right:var(--wp--preset--spacing--20);padding-bottom:var(--wp--preset--spacing--20);padding-left:var(--wp--preset--spacing--20)\">\n<div class=\"wp-block-columns alignwide is-layout-flex wp-container-core-columns-is-layout-28f84493 wp-block-columns-is-layout-flex\">\n<div class=\"wp-block-column is-layout-flow wp-container-core-column-is-layout-22223934 wp-block-column-is-layout-flow\">\n<figure class=\"wp-block-image aligncenter size-medium has-custom-border is-style-poe-child-circle\"><img loading=\"lazy\" decoding=\"async\" width=\"300\" height=\"300\" src=\"https:\/\/erjazz.eu\/wp-content\/uploads\/2023\/11\/Eric-Richard-edited-300x300.jpg\" alt=\"\" class=\"wp-image-794\" style=\"border-radius:50px\" srcset=\"https:\/\/erjazz.eu\/wp-content\/uploads\/2023\/11\/Eric-Richard-edited-300x300.jpg 300w, https:\/\/erjazz.eu\/wp-content\/uploads\/2023\/11\/Eric-Richard-edited-150x150.jpg 150w, https:\/\/erjazz.eu\/wp-content\/uploads\/2023\/11\/Eric-Richard-edited-12x12.jpg 12w, https:\/\/erjazz.eu\/wp-content\/uploads\/2023\/11\/Eric-Richard-edited.jpg 660w\" sizes=\"auto, (max-width: 300px) 100vw, 300px\" \/><\/figure>\n\n\n\n<h5 class=\"wp-block-heading has-text-align-center has-large-font-size\">Piano<\/h5>\n\n\n\n<h6 class=\"wp-block-heading has-text-align-center has-secondary-color has-text-color has-medium-font-size\" style=\"font-style:normal;font-weight:300\"><em><a href=\"#eric-richard\" data-type=\"internal\" data-id=\"#eric-richard\">Eric Richard<\/a><\/em><\/h6>\n<\/div>\n\n\n\n<div class=\"wp-block-column is-layout-flow wp-container-core-column-is-layout-22223934 wp-block-column-is-layout-flow\">\n<figure class=\"wp-block-image aligncenter size-medium has-custom-border is-style-poe-child-circle wp-duotone-unset-1\"><img loading=\"lazy\" decoding=\"async\" width=\"300\" height=\"300\" src=\"https:\/\/erjazz.eu\/wp-content\/uploads\/2023\/11\/Marion-Pacaud-edited-300x300.jpg\" alt=\"\" class=\"wp-image-793\" style=\"border-radius:50px\" srcset=\"https:\/\/erjazz.eu\/wp-content\/uploads\/2023\/11\/Marion-Pacaud-edited-300x300.jpg 300w, https:\/\/erjazz.eu\/wp-content\/uploads\/2023\/11\/Marion-Pacaud-edited-150x150.jpg 150w, https:\/\/erjazz.eu\/wp-content\/uploads\/2023\/11\/Marion-Pacaud-edited-12x12.jpg 12w, https:\/\/erjazz.eu\/wp-content\/uploads\/2023\/11\/Marion-Pacaud-edited.jpg 660w\" sizes=\"auto, (max-width: 300px) 100vw, 300px\" \/><\/figure>\n\n\n\n<h5 class=\"wp-block-heading has-text-align-center has-large-font-size\">Bass<\/h5>\n\n\n\n<h6 class=\"wp-block-heading has-text-align-center has-secondary-color has-text-color has-medium-font-size\" style=\"font-style:normal;font-weight:300\"><em><a href=\"#marion-pacaud\" data-type=\"internal\" data-id=\"#marion-pacaud\">Marion Pacaud<\/a><\/em><\/h6>\n<\/div>\n\n\n\n<div class=\"wp-block-column is-layout-flow wp-container-core-column-is-layout-22223934 wp-block-column-is-layout-flow\">\n<figure class=\"wp-block-image aligncenter size-medium has-custom-border is-style-poe-child-circle\"><img loading=\"lazy\" decoding=\"async\" width=\"300\" height=\"300\" src=\"https:\/\/erjazz.eu\/wp-content\/uploads\/2023\/11\/Patrick-Jouannic-edited-300x300.jpg\" alt=\"\" class=\"wp-image-792\" style=\"border-radius:50px\" srcset=\"https:\/\/erjazz.eu\/wp-content\/uploads\/2023\/11\/Patrick-Jouannic-edited-300x300.jpg 300w, https:\/\/erjazz.eu\/wp-content\/uploads\/2023\/11\/Patrick-Jouannic-edited-150x150.jpg 150w, https:\/\/erjazz.eu\/wp-content\/uploads\/2023\/11\/Patrick-Jouannic-edited-12x12.jpg 12w, https:\/\/erjazz.eu\/wp-content\/uploads\/2023\/11\/Patrick-Jouannic-edited.jpg 660w\" sizes=\"auto, (max-width: 300px) 100vw, 300px\" \/><\/figure>\n\n\n\n<h5 class=\"wp-block-heading has-text-align-center has-large-font-size\">Drums<\/h5>\n\n\n\n<h6 class=\"wp-block-heading has-text-align-center has-secondary-color has-text-color has-medium-font-size\" style=\"font-style:normal;font-weight:300\"><a href=\"#patrick-jouannic\" data-type=\"internal\" data-id=\"#patrick-jouannic\"><em>Patrick Jouannic<\/em><\/a><\/h6>\n<\/div>\n<\/div>\n<\/div>\n\n\n\n<blockquote class=\"wp-block-quote is-style-plain has-small-font-size is-layout-flow wp-block-quote-is-layout-flow\" id=\"eric-richard\">\n<style>\n#eric-richard { display: none; }\n#eric-richard:target { display: block; }\n<\/style>\n\n\n\n<h6 class=\"wp-block-heading has-secondary-color has-text-color\">Eric Richard<\/h6>\n\n\n\n<p>After a classical training in his youth and with a background of graduate studies in the scientific field, Eric Richard began to take an interest in self-taught jazz. Subsequently, he trained at the schools of jazzman Barry Harris, classical accompaniment and French song.<\/p>\n\n\n\n<p>He has enjoyed working with many renowned artists and styles such as Graeme Allwright, Sanseverino, Sean Gourley, Patricia Barber, Michelle Hendricks, the Swing Society, Ricky Ford, Ga\u00ebl Horellou\u2026 etc, while satisfying his curiosity as an accompanist in the fields of cinema-concert, classical and contemporary dance or theater.<\/p>\n\n\n\n<p>A complete and experienced musician, he has also addressed transmission, having taught classical music, jazz and the art of accompaniment in very varied educational contexts.<\/p>\n<\/blockquote>\n\n\n\n<blockquote class=\"wp-block-quote is-style-plain has-small-font-size is-layout-flow wp-block-quote-is-layout-flow\" id=\"marion-pacaud\">\n<style>\n#marion-pacaud { display: none; }\n#marion-pacaud:target { display: block; }\n<\/style>\n\n\n\n<h6 class=\"wp-block-heading has-secondary-color has-text-color\">Marion Pacaud<\/h6>\n\n\n\n<p>While studying classical guitar Marion begins to learn the bass guitar as a self-taught.<\/p>\n\n\n\n<p>It was Fr\u00e9d\u00e9ric Chiffoleau who, in 2004, introduced her to the double bass, an instrument that has fascinated her for a long time. It is also he who will make him discover jazz. She participated in the jazz workshops of Jean-Marie Bellec at the Nantes Conservatory for two years, while training as a school teacher.<\/p>\n\n\n\n<p>In 2016, she met J\u00e9r\u00e9mie Mignotte and attended the jams he organized in the country of Redon..\u00a0 It is in this context that she learns a lot of repertoire and also spends time identifying the greatest (Ray Brown, Paul Chambers\u2026).<\/p>\n\n\n\n<p>In 2019 she plays for the first time alongside Eric Richard with whom she has worked often since, and thanks to whom her bop culture continues to grow.<\/p>\n<\/blockquote>\n\n\n\n<blockquote class=\"wp-block-quote has-small-font-size is-layout-flow wp-block-quote-is-layout-flow\" id=\"patrick-jouannic\">\n<style>\n#patrick-jouannic { display: none; }\n#patrick-jouannic:target { display: block; }\n<\/style>\n\n\n\n<h6 class=\"wp-block-heading has-secondary-color has-text-color\">Patrick Jouannic<\/h6>\n\n\n\n<p>Originally from Oise, Patrick became a professional very early on by joining the theatre company \u00abLa Compagnie Guillaume Cale\u00bb for a one-year national tour in France. After a stint in the alternative rock band \u00abClair Obscur\u00bb he moved to Paris to perfect his jazz by attending the CIM and especially the clubs. The opportunity for him to work with St\u00e9phanie Crawford, Sean Gourley, Michel Graillier, Pierre Brunel, Pascal Bivalski, Thierry Bruneau, Dimitri Dourantonis \u2026<\/p>\n\n\n\n<p>Settled in Brittany since 1989, he has continued to multiply musical experiences and collaborations making him one of the major players in jazz in the region.<\/p>\n\n\n\n<p>He was the originator of \"Heat Wave\", \"Le Swing Society\". Played in the instrumental trio \"Soultime\" for 18 years.<\/p>\n\n\n\n<p>Creator in 2002 of the festival \u00abJazz en Place\u00bb in Dinan (22) he always ensures the artistic direction.<\/p>\n\n\n\n<p>Teaches at the conservatory of Cap Atlantique (Presqu'\u00eele Gu\u00e9randaise) since 2017.<\/p>\n<\/blockquote>","protected":false},"excerpt":{"rendered":"<p>ER Jazz Trio, c\u2019est d&rsquo;abord l\u2019histoire d\u2019un pianiste, Eric Richard, form\u00e9 aux \u00e9coles du jazzman Barry Harris, de l\u2019accompagnement classique et de la chanson fran\u00e7aise. Emprunt de l\u2019humilit\u00e9 caract\u00e9risant les grands accompagnateurs, il a ainsi pu c\u00f4toyer avec bonheur de nombreux(ses) artistes renomm\u00e9s et de styles tr\u00e8s vari\u00e9s tels Graeme Allwright, Lexie Kendrick &amp; Sean [&hellip;]<\/p>\n","protected":false},"author":2,"featured_media":76,"parent":0,"menu_order":0,"comment_status":"closed","ping_status":"closed","template":"","meta":{"footnotes":""},"class_list":["post-28","page","type-page","status-publish","has-post-thumbnail","hentry"],"mb":[],"mfb_rest_fields":["title"],"_links":{"self":[{"href":"http:\/\/erjazz.eu\/en\/wp-json\/wp\/v2\/pages\/28","targetHints":{"allow":["GET"]}}],"collection":[{"href":"http:\/\/erjazz.eu\/en\/wp-json\/wp\/v2\/pages"}],"about":[{"href":"http:\/\/erjazz.eu\/en\/wp-json\/wp\/v2\/types\/page"}],"author":[{"embeddable":true,"href":"http:\/\/erjazz.eu\/en\/wp-json\/wp\/v2\/users\/2"}],"replies":[{"embeddable":true,"href":"http:\/\/erjazz.eu\/en\/wp-json\/wp\/v2\/comments?post=28"}],"version-history":[{"count":45,"href":"http:\/\/erjazz.eu\/en\/wp-json\/wp\/v2\/pages\/28\/revisions"}],"predecessor-version":[{"id":713,"href":"http:\/\/erjazz.eu\/en\/wp-json\/wp\/v2\/pages\/28\/revisions\/713"}],"wp:featuredmedia":[{"embeddable":true,"href":"http:\/\/erjazz.eu\/en\/wp-json\/wp\/v2\/media\/76"}],"wp:attachment":[{"href":"http:\/\/erjazz.eu\/en\/wp-json\/wp\/v2\/media?parent=28"}],"curies":[{"name":"wp","href":"https:\/\/api.w.org\/{rel}","templated":true}]}}