{"id":2,"date":"2023-08-19T14:59:14","date_gmt":"2023-08-19T14:59:14","guid":{"rendered":"http:\/\/erjazz.eu\/?page_id=2"},"modified":"2023-11-10T07:57:49","modified_gmt":"2023-11-10T06:57:49","slug":"sample-page","status":"publish","type":"page","link":"https:\/\/erjazz.eu\/en\/","title":{"rendered":"Home"},"content":{"rendered":"<div class=\"wp-block-group is-layout-flow wp-block-group-is-layout-flow\">\n<div class=\"wp-block-cover alignwide is-light has-custom-content-position is-position-bottom-center\" style=\"min-height:100vh;aspect-ratio:unset;\"><span aria-hidden=\"true\" class=\"wp-block-cover__background has-foreground-background-color has-background-dim-30 has-background-dim\"><\/span><img loading=\"lazy\" decoding=\"async\" width=\"2560\" height=\"2296\" class=\"wp-block-cover__image-background wp-image-411\" alt=\"\" src=\"http:\/\/erjazz.eu\/wp-content\/uploads\/2023\/09\/shooting-hope-2-scaled.jpg\" style=\"object-position:50% 0%\" data-object-fit=\"cover\" data-object-position=\"50% 0%\" srcset=\"https:\/\/erjazz.eu\/wp-content\/uploads\/2023\/09\/shooting-hope-2-scaled.jpg 2560w, https:\/\/erjazz.eu\/wp-content\/uploads\/2023\/09\/shooting-hope-2-300x269.jpg 300w, https:\/\/erjazz.eu\/wp-content\/uploads\/2023\/09\/shooting-hope-2-1024x918.jpg 1024w, https:\/\/erjazz.eu\/wp-content\/uploads\/2023\/09\/shooting-hope-2-768x689.jpg 768w, https:\/\/erjazz.eu\/wp-content\/uploads\/2023\/09\/shooting-hope-2-1536x1378.jpg 1536w, https:\/\/erjazz.eu\/wp-content\/uploads\/2023\/09\/shooting-hope-2-2048x1837.jpg 2048w\" sizes=\"auto, (max-width: 2560px) 100vw, 2560px\" \/><div class=\"wp-block-cover__inner-container is-layout-flow wp-container-core-cover-is-layout-d7e64215 wp-block-cover-is-layout-flow\">\n<h2 class=\"wp-block-heading has-text-align-center has-quaternary-color has-text-color has-huge-font-size\" style=\"font-style:normal;font-weight:700\">ER Jazz Trio<\/h2>\n\n\n\n<div class=\"wp-block-buttons has-custom-font-size has-medium-font-size is-horizontal is-content-justification-center is-layout-flex wp-container-core-buttons-is-layout-ecd33c62 wp-block-buttons-is-layout-flex\">\n<div class=\"wp-block-button has-custom-font-size is-style-fill has-small-font-size\" style=\"text-transform:uppercase\"><a class=\"wp-block-button__link has-background-color has-text-color has-text-align-center wp-element-button\" href=\"http:\/\/erjazz.eu\/en\/presentation\/\" style=\"border-style:none;border-width:0px\">Discover<\/a><\/div>\n<\/div>\n\n\n\n<div style=\"height:var(--wp--preset--spacing--50)\" aria-hidden=\"true\" class=\"wp-block-spacer\"><\/div>\n\n\n\n<div class=\"wp-block-group is-content-justification-center is-nowrap is-layout-flex wp-container-core-group-is-layout-23441af8 wp-block-group-is-layout-flex\">\n<figure class=\"wp-block-image aligncenter size-medium has-custom-border is-style-rounded\"><a href=\"http:\/\/erjazz.eu\/en\/album-hope-2023\/\"><img loading=\"lazy\" decoding=\"async\" width=\"300\" height=\"268\" src=\"http:\/\/erjazz.eu\/wp-content\/uploads\/2023\/09\/ER-JAZZ-Trio-Hope-300x268.jpg\" alt=\"\" class=\"has-border-color has-background-border-color wp-image-40\" style=\"border-width:10px;border-radius:25px;object-fit:cover\" srcset=\"https:\/\/erjazz.eu\/wp-content\/uploads\/2023\/09\/ER-JAZZ-Trio-Hope-300x268.jpg 300w, https:\/\/erjazz.eu\/wp-content\/uploads\/2023\/09\/ER-JAZZ-Trio-Hope-1024x916.jpg 1024w, https:\/\/erjazz.eu\/wp-content\/uploads\/2023\/09\/ER-JAZZ-Trio-Hope-768x687.jpg 768w, https:\/\/erjazz.eu\/wp-content\/uploads\/2023\/09\/ER-JAZZ-Trio-Hope-1536x1373.jpg 1536w, https:\/\/erjazz.eu\/wp-content\/uploads\/2023\/09\/ER-JAZZ-Trio-Hope.jpg 1653w\" sizes=\"auto, (max-width: 300px) 100vw, 300px\" \/><\/a><\/figure>\n\n\n\n<ul class=\"wp-block-social-links has-normal-icon-size has-icon-color has-icon-background-color is-style-default is-vertical is-content-justification-center is-layout-flex wp-container-core-social-links-is-layout-18b2b19f wp-block-social-links-is-layout-flex\"><li style=\"color:#FFFFFF;background-color:#17223d;\" class=\"wp-social-link wp-social-link-spotify has-background-color has-primary-background-color wp-block-social-link\"><a rel=\"noopener nofollow\" target=\"_blank\" href=\"https:\/\/open.spotify.com\/intl-fr\/album\/17YD1d0zC2Chmik9zxzEva\" class=\"wp-block-social-link-anchor\"><svg width=\"24\" height=\"24\" viewbox=\"0 0 24 24\" version=\"1.1\" xmlns=\"http:\/\/www.w3.org\/2000\/svg\" aria-hidden=\"true\" focusable=\"false\"><path d=\"M12,2C6.477,2,2,6.477,2,12c0,5.523,4.477,10,10,10c5.523,0,10-4.477,10-10C22,6.477,17.523,2,12,2 M16.586,16.424 c-0.18,0.295-0.563,0.387-0.857,0.207c-2.348-1.435-5.304-1.76-8.785-0.964c-0.335,0.077-0.67-0.133-0.746-0.469 c-0.077-0.335,0.132-0.67,0.469-0.746c3.809-0.871,7.077-0.496,9.713,1.115C16.673,15.746,16.766,16.13,16.586,16.424 M17.81,13.7 c-0.226,0.367-0.706,0.482-1.072,0.257c-2.687-1.652-6.785-2.131-9.965-1.166C6.36,12.917,5.925,12.684,5.8,12.273 C5.675,11.86,5.908,11.425,6.32,11.3c3.632-1.102,8.147-0.568,11.234,1.328C17.92,12.854,18.035,13.335,17.81,13.7 M17.915,10.865 c-3.223-1.914-8.54-2.09-11.618-1.156C5.804,9.859,5.281,9.58,5.131,9.086C4.982,8.591,5.26,8.069,5.755,7.919 c3.532-1.072,9.404-0.865,13.115,1.338c0.445,0.264,0.59,0.838,0.327,1.282C18.933,10.983,18.359,11.129,17.915,10.865\"><\/path><\/svg><span class=\"wp-block-social-link-label screen-reader-text\">Spotify<\/span><\/a><\/li>\n\n<li style=\"color:#FFFFFF;background-color:#17223d;\" class=\"wp-social-link wp-social-link-bandcamp has-background-color has-primary-background-color wp-block-social-link\"><a rel=\"noopener nofollow\" target=\"_blank\" href=\"https:\/\/resolutdiffusion.bandcamp.com\/\" class=\"wp-block-social-link-anchor\"><svg width=\"24\" height=\"24\" viewbox=\"0 0 24 24\" version=\"1.1\" xmlns=\"http:\/\/www.w3.org\/2000\/svg\" aria-hidden=\"true\" focusable=\"false\"><path d=\"M15.27 17.289 3 17.289 8.73 6.711 21 6.711 15.27 17.289\"><\/path><\/svg><span class=\"wp-block-social-link-label screen-reader-text\">Bandcamp<\/span><\/a><\/li>\n\n<li style=\"color:#FFFFFF;background-color:#17223d;\" class=\"wp-social-link wp-social-link-chain has-background-color has-primary-background-color wp-block-social-link\"><a rel=\"noopener nofollow\" target=\"_blank\" href=\"https:\/\/bfan.link\/hope-43\" class=\"wp-block-social-link-anchor\"><svg width=\"24\" height=\"24\" viewbox=\"0 0 24 24\" version=\"1.1\" xmlns=\"http:\/\/www.w3.org\/2000\/svg\" aria-hidden=\"true\" focusable=\"false\"><path d=\"M15.6,7.2H14v1.5h1.6c2,0,3.7,1.7,3.7,3.7s-1.7,3.7-3.7,3.7H14v1.5h1.6c2.8,0,5.2-2.3,5.2-5.2,0-2.9-2.3-5.2-5.2-5.2zM4.7,12.4c0-2,1.7-3.7,3.7-3.7H10V7.2H8.4c-2.9,0-5.2,2.3-5.2,5.2,0,2.9,2.3,5.2,5.2,5.2H10v-1.5H8.4c-2,0-3.7-1.7-3.7-3.7zm4.6.9h5.3v-1.5H9.3v1.5z\"><\/path><\/svg><span class=\"wp-block-social-link-label screen-reader-text\">Link<\/span><\/a><\/li><\/ul>\n<\/div>\n<\/div><\/div>\n<\/div>","protected":false},"excerpt":{"rendered":"<p>ER Jazz Trio, c&rsquo;est un projet \u00e0 la fois simple et ambitieux qui rend hommage \u00e0 un certain classicisme du jazz post-bop \u00e0 travers un r\u00e9pertoire constitu\u00e9 de compositions originales avec Eric Richard au Piano, Marion Pacaud \u00e0 la Contrebasse et Patrick Jouannic \u00e0 la Batterie.<\/p>","protected":false},"author":1,"featured_media":0,"parent":0,"menu_order":0,"comment_status":"closed","ping_status":"open","template":"","meta":{"footnotes":""},"class_list":["post-2","page","type-page","status-publish","hentry"],"mb":[],"mfb_rest_fields":["title"],"_links":{"self":[{"href":"https:\/\/erjazz.eu\/en\/wp-json\/wp\/v2\/pages\/2","targetHints":{"allow":["GET"]}}],"collection":[{"href":"https:\/\/erjazz.eu\/en\/wp-json\/wp\/v2\/pages"}],"about":[{"href":"https:\/\/erjazz.eu\/en\/wp-json\/wp\/v2\/types\/page"}],"author":[{"embeddable":true,"href":"https:\/\/erjazz.eu\/en\/wp-json\/wp\/v2\/users\/1"}],"replies":[{"embeddable":true,"href":"https:\/\/erjazz.eu\/en\/wp-json\/wp\/v2\/comments?post=2"}],"version-history":[{"count":201,"href":"https:\/\/erjazz.eu\/en\/wp-json\/wp\/v2\/pages\/2\/revisions"}],"predecessor-version":[{"id":817,"href":"https:\/\/erjazz.eu\/en\/wp-json\/wp\/v2\/pages\/2\/revisions\/817"}],"wp:attachment":[{"href":"https:\/\/erjazz.eu\/en\/wp-json\/wp\/v2\/media?parent=2"}],"curies":[{"name":"wp","href":"https:\/\/api.w.org\/{rel}","templated":true}]}}